{"id":11886,"date":"2022-12-23T08:25:35","date_gmt":"2022-12-23T13:25:35","guid":{"rendered":"https:\/\/nexdev.ca\/?page_id=11886"},"modified":"2025-07-15T14:15:21","modified_gmt":"2025-07-15T18:15:21","slug":"aeroport-de-saint-jean-sur-richelieu","status":"publish","type":"page","link":"https:\/\/nexdev.ca\/en\/aeroport-de-saint-jean-sur-richelieu\/","title":{"rendered":"Saint-Jean-sur-Richelieu Airport Under Redevelopment"},"content":{"rendered":"<p>Un plan directeur<\/p>\n<p>La valorisation de l\u2019a\u00e9roport de Saint-Jean-sur-Richelieu et l\u2019optimisation de son plein potentiel sont des moteurs de d\u00e9veloppement \u00e9conomique pour la Ville. Pour y parvenir, NexDev entreprend le d\u00e9ploiement d\u2019un plan d\u2019affaires qui, sur un horizon de vingt ans, vise \u00e0 guider le d\u00e9veloppement de l\u2019a\u00e9roport en tenant compte de ses atouts. Le plan d\u2019orientation strat\u00e9gique inclut des services sp\u00e9cialis\u00e9s dans les domaines de l\u2019a\u00e9ronautique, l\u2019a\u00e9rospatial, la haute technologie et la s\u00e9curit\u00e9 civile et publique. La gestion de l\u2019utilisation des terrains et hangars \u00e0 vocation industrielle ainsi que le d\u00e9veloppement des infrastructures seront au c\u0153ur des pr\u00e9occupations.<\/p>\n","protected":false},"excerpt":{"rendered":"<p>Un plan directeur La valorisation de l\u2019a\u00e9roport de Saint-Jean-sur-Richelieu et l\u2019optimisation de son plein potentiel sont des moteurs de d\u00e9veloppement [&hellip;]<\/p>\n","protected":false},"author":4,"featured_media":0,"parent":0,"menu_order":0,"comment_status":"closed","ping_status":"closed","template":"page-templates\/tmpl_flexible_layouts.php","meta":{"_acf_changed":false,"_seopress_robots_primary_cat":"","_seopress_titles_title":"","_seopress_titles_desc":"","_seopress_robots_index":"","footnotes":""},"class_list":["post-11886","page","type-page","status-publish","hentry"],"acf":[],"_links":{"self":[{"href":"https:\/\/nexdev.ca\/en\/wp-json\/wp\/v2\/pages\/11886","targetHints":{"allow":["GET"]}}],"collection":[{"href":"https:\/\/nexdev.ca\/en\/wp-json\/wp\/v2\/pages"}],"about":[{"href":"https:\/\/nexdev.ca\/en\/wp-json\/wp\/v2\/types\/page"}],"author":[{"embeddable":true,"href":"https:\/\/nexdev.ca\/en\/wp-json\/wp\/v2\/users\/4"}],"replies":[{"embeddable":true,"href":"https:\/\/nexdev.ca\/en\/wp-json\/wp\/v2\/comments?post=11886"}],"version-history":[{"count":0,"href":"https:\/\/nexdev.ca\/en\/wp-json\/wp\/v2\/pages\/11886\/revisions"}],"wp:attachment":[{"href":"https:\/\/nexdev.ca\/en\/wp-json\/wp\/v2\/media?parent=11886"}],"curies":[{"name":"wp","href":"https:\/\/api.w.org\/{rel}","templated":true}]}}