{"id":8863,"date":"2019-11-15T10:24:44","date_gmt":"2019-11-15T15:24:44","guid":{"rendered":"https:\/\/nexdev.ca\/recherche-de-financement\/"},"modified":"2021-01-07T19:52:42","modified_gmt":"2021-01-08T00:52:42","slug":"search-for-financing","status":"publish","type":"page","link":"https:\/\/nexdev.ca\/en\/search-for-financing\/","title":{"rendered":"Search for financing"},"content":{"rendered":"<p>Dans le but de permettre la r\u00e9alisation de projets au sein de votre entreprise, NexDev peut vous accompagner dans la recherche de financement. Que ce soit pour un agrandissement, l\u2019acquisition d\u2019\u00e9quipements, la modernisation de votre usine, l\u2019exportation de produits ou tout autre projet ambitieux, l\u2019obtention de financement est un \u00e9l\u00e9ment cl\u00e9 pour votre r\u00e9ussite! \u00c9tant donn\u00e9 les nombreuses sources de financement existantes ainsi que les diff\u00e9rents crit\u00e8res d\u2019admissibilit\u00e9 pour chacun des programmes, il devient profitable de b\u00e9n\u00e9ficier d\u2019un accompagnement pour obtenir du financement correspondant \u00e0 vos besoins.<\/p>\n","protected":false},"excerpt":{"rendered":"<p>Dans le but de permettre la r\u00e9alisation de projets au sein de votre entreprise, NexDev peut vous accompagner dans la [&hellip;]<\/p>\n","protected":false},"author":4,"featured_media":0,"parent":0,"menu_order":0,"comment_status":"closed","ping_status":"closed","template":"page-templates\/tmpl_flexible_layouts.php","meta":{"_acf_changed":false,"_seopress_robots_primary_cat":"","_seopress_titles_title":"Search for financing - Financing support | NexDev.ca","_seopress_titles_desc":"In order to allow the realization of projects within your company, NexDev can assist you in the search for financing. ","_seopress_robots_index":"","footnotes":""},"class_list":["post-8863","page","type-page","status-publish","hentry"],"acf":[],"_links":{"self":[{"href":"https:\/\/nexdev.ca\/en\/wp-json\/wp\/v2\/pages\/8863","targetHints":{"allow":["GET"]}}],"collection":[{"href":"https:\/\/nexdev.ca\/en\/wp-json\/wp\/v2\/pages"}],"about":[{"href":"https:\/\/nexdev.ca\/en\/wp-json\/wp\/v2\/types\/page"}],"author":[{"embeddable":true,"href":"https:\/\/nexdev.ca\/en\/wp-json\/wp\/v2\/users\/4"}],"replies":[{"embeddable":true,"href":"https:\/\/nexdev.ca\/en\/wp-json\/wp\/v2\/comments?post=8863"}],"version-history":[{"count":0,"href":"https:\/\/nexdev.ca\/en\/wp-json\/wp\/v2\/pages\/8863\/revisions"}],"wp:attachment":[{"href":"https:\/\/nexdev.ca\/en\/wp-json\/wp\/v2\/media?parent=8863"}],"curies":[{"name":"wp","href":"https:\/\/api.w.org\/{rel}","templated":true}]}}